{"id":1884,"date":"2015-11-07T08:40:45","date_gmt":"2015-11-07T07:40:45","guid":{"rendered":"http:\/\/www.narrenzunft.de\/?page_id=1884"},"modified":"2015-12-31T10:14:35","modified_gmt":"2015-12-31T09:14:35","slug":"jubilaeum-44-jahre","status":"publish","type":"page","link":"https:\/\/www.narrenzunft.de\/index.php\/jubilaeum-2016-44-jahre\/jubilaeum-44-jahre\/","title":{"rendered":"Jubil\u00e4um &#8211; 44 Jahre!"},"content":{"rendered":"<h1>Alles auf einem Blick in dieser PDF:<\/h1>\n<h1>[embeddoc url=&#8220;https:\/\/www.narrenzunft.de\/wp-content\/uploads\/2012\/07\/Flyer_gross_fuer_web.compressed.pdf&#8220; download=&#8220;all&#8220;]<\/h1>\n<p>&nbsp;<\/p>\n<h1>\u00bbKnerbli\u00ab feiern ihr Jubil\u00e4um<\/h1>\n<div id=\"node-article-full-group-header\" class=\" group-header field-group-div\">\n<div class=\"field field-name-field-subtitle field-type-text-long field-label-hidden\">\n<div class=\"field-items\">\n<div class=\"field-item even\">Berghauptener Narrenzunft wird 44 Jahre alt \/ Festwochenende im Januar mit vielen Gastz\u00fcnften<\/div>\n<\/div>\n<\/div>\n<\/div>\n<div class=\"field field-name-field-publizierungsstart field-type-datetime field-label-hidden\">\n<div class=\"field-items\">\n<div class=\"field-item even\"><span class=\"date-display-single\">06. November 2015<\/span><\/div>\n<\/div>\n<\/div>\n<div id=\"attachment_1885\" style=\"width: 650px\" class=\"wp-caption alignleft\"><a href=\"https:\/\/www.narrenzunft.de\/wp-content\/uploads\/2015\/11\/erich_1.jpg\"><img loading=\"lazy\" decoding=\"async\" aria-describedby=\"caption-attachment-1885\" class=\"wp-image-1885 size-full\" src=\"https:\/\/www.narrenzunft.de\/wp-content\/uploads\/2015\/11\/erich_1.jpg\" alt=\"erich_1\" width=\"640\" height=\"426\" srcset=\"https:\/\/www.narrenzunft.de\/wp-content\/uploads\/2015\/11\/erich_1.jpg 640w, https:\/\/www.narrenzunft.de\/wp-content\/uploads\/2015\/11\/erich_1-400x266.jpg 400w, https:\/\/www.narrenzunft.de\/wp-content\/uploads\/2015\/11\/erich_1-451x300.jpg 451w\" sizes=\"auto, (max-width: 640px) 100vw, 640px\" \/><\/a><p id=\"caption-attachment-1885\" class=\"wp-caption-text\">1 \/ 1 B\u00fcrgermeisterstellvertreter Robert Harter (rechts) freut sich auf das Jubil\u00e4um der Narrenzunft \u00bbKnerbli\u00ab. Hinten von links Zunftmeister Markus Sester, Oberzunftmeister Holger Kienzle und Chronist Manuel Geiler. \u00a9 Erich Fakler \u00a9 Erich Fakler B\u00fcrgermeisterstellvertreter Robert Harter (rechts) freut sich auf das Jubil\u00e4um der Narrenzunft \u00bbKnerbli\u00ab. Hinten von links Zunftmeister Markus Sester, Oberzunftmeister Holger Kienzle und Chronist Manuel Geiler.<\/p><\/div>\n<p>&nbsp;<\/p>\n<p>&nbsp;<\/p>\n<p>&nbsp;<\/p>\n<p>&nbsp;<\/p>\n<p>&nbsp;<\/p>\n<p>&nbsp;<\/p>\n<p>&nbsp;<\/p>\n<p>&nbsp;<\/p>\n<p>&nbsp;<\/p>\n<p>&nbsp;<\/p>\n<div class=\"vorspann\">\n<p>&nbsp;<\/p>\n<p>&nbsp;<\/p>\n<p>Gro\u00dfe Ereignisse werfen ihre Schatten voraus: Die Narrenzunft \u00bbKnerbli\u00ab feiert aus Anlass ihres 44-j\u00e4hrigen Bestehens ein n\u00e4rrisches Jubi\u00adl\u00e4umsfest. H\u00f6hepunkt wird das Wochenende 22. bis 24. Januar 2016 \u2013 dabei ist auch ein gro\u00dfer Umzug geplant.<\/p>\n<\/div>\n<div class=\"field field-name-body field-type-text-with-summary field-label-hidden\">\n<div class=\"field-items\">\n<div class=\"field-item even\">\n<p>Zur Pr\u00e4sentation ihrer Jubil\u00e4umsfeierlichkeiten zum 44-j\u00e4hrigen Bestehen hatten die \u00bbKnerbli\u00ab\u00a0 am Mittwoch in den Freiherr-von-Schlei\u00dfsaal im Erdgeschoss des Rathauses eingeladen.<\/p>\n<p>Das n\u00e4rrische Jubil\u00e4umswochenende startet mit einem Jubil\u00e4umsabend und geht furios weiter: Am Samstag, 23. Januar, erwartet Oberzunft\u00admeister Holger Kienzle 36 Z\u00fcnfte, die in das eigens erbaute Narrendorf rund um das Alte Schulhaus einmarschieren.<br \/>\nZum gro\u00dfen Umzug am Sonntag werden sich 53 Narrenz\u00fcnfte mit \u00fcber 4000 H\u00e4str\u00e4gern pr\u00e4sentieren. Obwohl es 2016 im Gegensatz zum letzten n\u00e4rrischen Gro\u00dfereignis aus dem Jahre 2000 keine Freinacht geben wird, rechnet Kienzle mindestens mit rund 10\u2009000 Besuchern in Berghaupten. Er bedankte sich daher auch bei den Sponsoren, ohne deren finanzielle Unterst\u00fctzung eine solche Gro\u00dfveranstaltung nicht zu stemmen sei.<\/p>\n<p>B\u00fcrgermeisterstellvertreter Robert Harter w\u00fcrdigte seinerseits den Einsatz der Narrenzunftmitglieder f\u00fcr den gewaltigen Organisationsaufwand. Die Gemeinde freue sich, \u00bbwenn wieder viele G\u00e4ste nach Berghaupten kommen\u00ab. Diesen Ball griff Kienzle gerne auf und lobte sowohl die Kreativit\u00e4t und Einsatzfreude seines Planungsteams wie auch die Bereitschaft von 16 Vereinen und Gruppen, an diesem Narrenjubil\u00e4um mitzuwirken. Denn nur so lasse sich das \u00bbInternationale Narrendorf\u00ab unter dem Motto \u00bbDie Narrenwelt zu Gast in Berghaupten\u00ab verwirklichen. Den Vereinen und Gruppen werden L\u00e4nder von Indien bis Transsilvanien zugeordnet. Die Besucher haben dann die M\u00f6glichkeit, sich an landestypischen Spezialit\u00e4ten zu laben.<\/p>\n<p><strong>Komplettes Programm<\/strong><\/p>\n<p>Bewusst wird auf eine Freinacht verzichtet. Allerdings wird bis Sonntag um 2 Uhr bewirtet. Der Sonntag liefert dann das komplette n\u00e4rrische Festprogramm mit einem Narrengottesdienst um 10 Uhr in der Pfarrkirche St. Georg, einem Zunftmeisterempfang um 11.30 Uhr und dem um 13.29 Uhr beginnenden Narrenumzug als absoluten H\u00f6hepunkt dieses Narrenwochenendes.<\/p>\n<p>Die 53 Z\u00fcnfte gruppieren sich im Blumenviertel Berghauptens. Der Start erfolgt in der Tulpenstra\u00dfe und f\u00fchrt dann \u00fcber die Weinbergstra\u00dfe, Dorfstra\u00dfe, Lindenstra\u00dfe, Schillerstra\u00dfe und Bellenwaldstra\u00dfe, wie Zunftmeister Markus Sester erkl\u00e4rte.<\/p>\n<p>Die Narrenzunft \u00bbKnerbli\u00ab orientiert sich am traditionellen n\u00e4rrischen Brauchtum. Darum wurden den eingeladenen Z\u00fcnften auch klare Verhaltensregeln zugesandt, die dem n\u00e4rrischen Jubil\u00e4umsfest zu einem heiteren und fr\u00f6hlichen Stelldichein verhelfen sollen.<br \/>\nP\u00fcnktlich zum Jubil\u00e4umsjahr gibt die Narrenzunft ein Buch mit der Geschichte des n\u00e4rrischen Brauchtums in Berghaupten und Umgebung heraus. Das Buch wurde von Reiner Domfeld in sechsj\u00e4hriger Arbeit erstellt und wird in einer eigenen Pr\u00e4sentation am 2. Dezember in der Sparkassenfiliale Berghaupten vorgestellt. Die Herstellungskosten beliefen sich auf rund 20\u2009000 Euro. Zum Verkaufspreis von 29 Euro kommt es p\u00fcnktlich vor Weihnachten in den Verkauf, f\u00fcr die Verantwortlichen der Narrenzunft ein ideales Weihnachtsgeschenk.<\/p>\n<p>Gerne h\u00e4tte die Narrenzunft auch wieder die historische Narrenfahne zur\u00fcck. Diese tr\u00e4gt die Aufschrift: \u00bbNarrenrat \u2013 Knerbli \u2013 Berghaupten\u00ab. Die Zunft vermutet das wertvolle Traditionsst\u00fcck in einem der Nachbarorte Berghauptens. F\u00fcr die Buchpr\u00e4sentation am 2. Dezember w\u00e4re die Fahne die perfekte Hintergrunddekoration, war man sich einig.<\/p>\n<\/div>\n<\/div>\n<\/div>\n<p>&nbsp;<\/p>\n<p>&nbsp;<\/p>\n","protected":false},"excerpt":{"rendered":"<p>Alles auf einem Blick in dieser PDF: [embeddoc url=&#8220;https:\/\/www.narrenzunft.de\/wp-content\/uploads\/2012\/07\/Flyer_gross_fuer_web.compressed.pdf&#8220; download=&#8220;all&#8220;] &nbsp; \u00bbKnerbli\u00ab feiern ihr Jubil\u00e4um Berghauptener Narrenzunft wird 44 Jahre alt \/ Festwochenende im Januar mit vielen Gastz\u00fcnften 06. November 2015 &nbsp; &nbsp; &nbsp; &nbsp; &nbsp; &nbsp; &nbsp; &nbsp; &nbsp; &hellip; <a href=\"https:\/\/www.narrenzunft.de\/index.php\/jubilaeum-2016-44-jahre\/jubilaeum-44-jahre\/\">Weiterlesen <span class=\"meta-nav\">&rarr;<\/span><\/a><\/p>\n","protected":false},"author":3,"featured_media":0,"parent":1776,"menu_order":0,"comment_status":"closed","ping_status":"open","template":"showcase.php","meta":{"footnotes":""},"class_list":["post-1884","page","type-page","status-publish","hentry"],"jetpack_sharing_enabled":true,"_links":{"self":[{"href":"https:\/\/www.narrenzunft.de\/index.php\/wp-json\/wp\/v2\/pages\/1884","targetHints":{"allow":["GET"]}}],"collection":[{"href":"https:\/\/www.narrenzunft.de\/index.php\/wp-json\/wp\/v2\/pages"}],"about":[{"href":"https:\/\/www.narrenzunft.de\/index.php\/wp-json\/wp\/v2\/types\/page"}],"author":[{"embeddable":true,"href":"https:\/\/www.narrenzunft.de\/index.php\/wp-json\/wp\/v2\/users\/3"}],"replies":[{"embeddable":true,"href":"https:\/\/www.narrenzunft.de\/index.php\/wp-json\/wp\/v2\/comments?post=1884"}],"version-history":[{"count":8,"href":"https:\/\/www.narrenzunft.de\/index.php\/wp-json\/wp\/v2\/pages\/1884\/revisions"}],"predecessor-version":[{"id":2136,"href":"https:\/\/www.narrenzunft.de\/index.php\/wp-json\/wp\/v2\/pages\/1884\/revisions\/2136"}],"up":[{"embeddable":true,"href":"https:\/\/www.narrenzunft.de\/index.php\/wp-json\/wp\/v2\/pages\/1776"}],"wp:attachment":[{"href":"https:\/\/www.narrenzunft.de\/index.php\/wp-json\/wp\/v2\/media?parent=1884"}],"curies":[{"name":"wp","href":"https:\/\/api.w.org\/{rel}","templated":true}]}}