{"id":2167,"date":"2016-02-02T19:21:24","date_gmt":"2016-02-02T18:21:24","guid":{"rendered":"http:\/\/www.narrenzunft.de\/?page_id=2167"},"modified":"2016-10-01T10:29:51","modified_gmt":"2016-10-01T08:29:51","slug":"gaestebuch","status":"publish","type":"page","link":"https:\/\/www.narrenzunft.de\/index.php\/gaestebuch\/","title":{"rendered":"G\u00e4stebuch"},"content":{"rendered":"<p>Willkommen im G\u00e4stebuch! \/ Welcome to our guestbook<\/p>\n<p>Schreibt uns wenn Ihr wollt \/ Leave a comment<\/p>\n<div class=\"gwolle-gb\"><div class=\"gwolle-gb-messages-top-container\"><\/div>\n\t\t\t<div class=\"gwolle-gb-write-button\">\n\t\t\t\t<input type=\"button\" name=\"gwolle-gb-write-button\" class=\"button btn btn-default \" value=\"Neuen Eintrag schreiben\" aria-expanded=\"false\" \/>\n\t\t\t<\/div>\n\t\t\t<form action=\"#\" method=\"POST\" class=\"gwolle-gb-write gwolle-gb-hide gwolle-gb-float gwolle-gb-form-ajax gwolle-gb-ajax gwolle-gb-not-logged-in\">\n\t\t\t\t<h3>Einen neuen Eintrag f\u00fcr das G\u00e4stebuch schreiben<\/h3>\n\t\t\t\t<button type=\"button\" class=\"gb-notice-dismiss\">x<span class=\"screen-reader-text\">Dieses Formular ausblenden<\/span><\/button>\n\t\t\t\n\t\t\t\t<input type=\"hidden\" name=\"gwolle_gb_function\" class=\"gwolle_gb_function\" value=\"add_entry\" \/><input type=\"hidden\" name=\"gwolle_gb_book_id\" class=\"gwolle_gb_book_id\" value=\"1\" \/><div class=\"gwolle_gb_1c4c62e3d27df124772e511e5e389b8f\">\n\t\t\t\t<div class=\"label\"><label for=\"gwolle_gb_1c4c62e3d27df124772e511e5e389b8f-1\" class=\"text-info\">Name <span class=\"required\">*<\/span><\/label><\/div>\n\t\t\t\t<div class=\"input\"><input class=\"wp-exclude-emoji gwolle_gb_1c4c62e3d27df124772e511e5e389b8f\" value=\"\" type=\"text\" id=\"gwolle_gb_1c4c62e3d27df124772e511e5e389b8f-1\" name=\"gwolle_gb_1c4c62e3d27df124772e511e5e389b8f\" required \/><\/div>\n\t\t\t\t<div class=\"clearBoth\">&nbsp;<\/div>\n\t\t\t<\/div><div class=\"gwolle_gb_88feb91e31a2f76108360df67e9c27de\">\n\t\t\t\t\t<div class=\"label\"><label for=\"gwolle_gb_88feb91e31a2f76108360df67e9c27de-1\" class=\"text-info\">Stadt<\/label><\/div>\n\t\t\t\t\t<div class=\"input\"><input class=\"wp-exclude-emoji gwolle_gb_88feb91e31a2f76108360df67e9c27de\" value=\"\" type=\"text\" id=\"gwolle_gb_88feb91e31a2f76108360df67e9c27de-1\" name=\"gwolle_gb_88feb91e31a2f76108360df67e9c27de\" \/><\/div>\n\t\t\t\t\t<div class=\"clearBoth\">&nbsp;<\/div>\n\t\t\t\t<\/div><div class=\"gwolle_gb_6778cb98f5fae1faca824c6c710d382f\">\n\t\t\t\t<div class=\"label\"><label for=\"gwolle_gb_6778cb98f5fae1faca824c6c710d382f-1\" class=\"text-info\">E-Mail<\/label><\/div>\n\t\t\t\t<div class=\"input\"><input class=\"gwolle_gb_6778cb98f5fae1faca824c6c710d382f\" value=\"\" type=\"email\" id=\"gwolle_gb_6778cb98f5fae1faca824c6c710d382f-1\" name=\"gwolle_gb_6778cb98f5fae1faca824c6c710d382f\" \/><\/div>\n\t\t\t\t<div class=\"clearBoth\">&nbsp;<\/div>\n\t\t\t<\/div><div class=\"gwolle_gb_783edbeedfe980db122a4a6c98e36cd9\">\n\t\t\t\t<div class=\"label\"><label for=\"gwolle_gb_783edbeedfe980db122a4a6c98e36cd9-1\" class=\"text-info\">Website<\/label><\/div>\n\t\t\t\t<div class=\"input\"><input class=\"gwolle_gb_783edbeedfe980db122a4a6c98e36cd9\" value=\"\" type=\"url\" id=\"gwolle_gb_783edbeedfe980db122a4a6c98e36cd9-1\" name=\"gwolle_gb_783edbeedfe980db122a4a6c98e36cd9\" \/><\/div>\n\t\t\t\t<div class=\"clearBoth\">&nbsp;<\/div>\n\t\t\t<\/div>\n\t\t\t<div class=\"gwolle_gb_e5049c993fcea7f664a6a4202f010df6\" style=\"display:none;overflow:hidden;\" hidden=\"true\" aria-hidden=\"true\">\n\t\t\t\t<div class=\"label\">\n\t\t\t\t\t<label for=\"gwolle_gb_e5049c993fcea7f664a6a4202f010df6-1\" class=\"text-primary\">Hier nichts eingeben<\/label>\n\t\t\t\t\t<label for=\"gwolle_gb_642e8b78d9ad2afbb0de71d01c805e4f-1\" class=\"text-primary\">Hier nichts eingeben<\/label>\n\t\t\t\t<\/div>\n\t\t\t\t<div class=\"input\">\n\t\t\t\t\t<input value=\"14\" type=\"text\" id=\"gwolle_gb_e5049c993fcea7f664a6a4202f010df6-1\" name=\"gwolle_gb_e5049c993fcea7f664a6a4202f010df6\" class=\"gwolle_gb_e5049c993fcea7f664a6a4202f010df6\" style=\"transform: translateY(10000px);\" \/>\n\t\t\t\t\t<input value=\"\" type=\"text\" name=\"gwolle_gb_642e8b78d9ad2afbb0de71d01c805e4f\" id=\"gwolle_gb_642e8b78d9ad2afbb0de71d01c805e4f-1\" class=\"gwolle_gb_642e8b78d9ad2afbb0de71d01c805e4f\" style=\"transform: translateY(10000px);\" \/>\n\t\t\t\t<\/div>\n\t\t\t\t<div class=\"clearBoth\"><\/div>\n\t\t\t<\/div>\n\t\t\t<div class=\"gwolle_gb_545338502f5c4875e736bc30a38819d9\" style=\"display:none;overflow:hidden;\" hidden=\"true\" aria-hidden=\"true\">\n\t\t\t\t<div class=\"label\">\n\t\t\t\t\t<label for=\"gwolle_gb_545338502f5c4875e736bc30a38819d9-1\" class=\"text-primary\">Hier nichts eingeben<\/label>\n\t\t\t\t\t<label for=\"gwolle_gb_1f033c95fa99746ca81a841c300ae5b2-1\" class=\"text-primary\">Hier nichts eingeben<\/label>\n\t\t\t\t<\/div>\n\t\t\t\t<div class=\"input\">\n\t\t\t\t\t<input value=\"30927\" type=\"text\" id=\"gwolle_gb_545338502f5c4875e736bc30a38819d9-1\" name=\"gwolle_gb_545338502f5c4875e736bc30a38819d9\" class=\"gwolle_gb_545338502f5c4875e736bc30a38819d9\" style=\"transform: translateY(10000px);\" \/>\n\t\t\t\t\t<input value=\"30927\" type=\"text\"id=\"gwolle_gb_1f033c95fa99746ca81a841c300ae5b2-1\" name=\"gwolle_gb_1f033c95fa99746ca81a841c300ae5b2\" class=\"gwolle_gb_1f033c95fa99746ca81a841c300ae5b2\" style=\"transform: translateY(10000px);\" \/>\n\t\t\t\t<\/div>\n\t\t\t\t<div class=\"clearBoth\"><\/div>\n\t\t\t<\/div><div class=\"gwolle_gb_content\">\n\t\t\t\t<div class=\"label\"><label for=\"gwolle_gb_content-1\" class=\"text-info\">G\u00e4stebucheintrag <span class=\"required\">*<\/span><\/label><\/div>\n\t\t\t\t<div class=\"input\"><textarea id=\"gwolle_gb_content-1\" name=\"gwolle_gb_content\" class=\"gwolle_gb_content wp-exclude-emoji\" required ><\/textarea><\/div>\n\t\t\t\t\t<div class=\"clearBoth\">&nbsp;<\/div>\n\t\t\t\t<\/div>\n\t\t\t\t<div class=\"gwolle_gb_antispam gwolle-gb-antispam\">\n\t\t\t\t\t<div class=\"label\">\n\t\t\t\t\t\t<label for=\"gwolle_gb_c5ddfe442771dbac5958bb3f19ae1656-1\" class=\"text-info\">Frage: Wer Hexe schreibt der bleibt. Einfach das Wort eintragen damit wir vom Spam verschont bleiben. Danke. <span class=\"required\">*<\/span><\/label>\n\t\t\t\t\t<\/div>\n\t\t\t\t\t<div class=\"input\"><input class=\"gwolle_gb_c5ddfe442771dbac5958bb3f19ae1656\" value=\"\" type=\"text\" id=\"gwolle_gb_c5ddfe442771dbac5958bb3f19ae1656-1\" name=\"gwolle_gb_c5ddfe442771dbac5958bb3f19ae1656\" required \/>\n\t\t\t\t\t\t<\/div>\n\t\t\t\t\t\t<div class=\"clearBoth\">&nbsp;<\/div>\n\t\t\t\t\t<\/div><input type=\"hidden\" class=\"gwolle_gb_16f20e46f5e8c788dd851de5d423fb13\" id=\"gwolle_gb_16f20e46f5e8c788dd851de5d423fb13-1\" name=\"gwolle_gb_16f20e46f5e8c788dd851de5d423fb13\" value=\"9d2b994aa7\" \/>\n\t\t\t<div class=\"gwolle-gb-messages-bottom-container\"><\/div>\n\n\t\t\t<noscript><div class=\"no-js\">Warnung: Dieses Formular kann nur verwendet werden, wenn in deinem Browser JavaScript aktiviert ist.<\/div><\/noscript>\n\n\t\t\t<div class=\"gwolle_gb_submit gwolle-gb-submit\">\n\t\t\t\t<div class=\"label gwolle-gb-invisible text-muted\">&nbsp;<\/div>\n\t\t\t\t<div class=\"input\">\n\t\t\t\t\t<input type=\"submit\" name=\"gwolle_gb_submit\" class=\"gwolle_gb_submit button btn btn-primary \" value=\"Absenden\" \/>\n\t\t\t\t\t<span class=\"gwolle_gb_submit_ajax_icon gwolle-gb-submit-ajax-icon\"><\/span>\n\t\t\t\n\t\t\t\t<\/div>\n\t\t\t\t<div class=\"clearBoth\">&nbsp;<\/div>\n\t\t\t<\/div>\n\n\t\t\t<div class=\"gwolle_gb_notice gwolle-gb-notice\">\n\t\t\t\tMit * gekennzeichnete Felder sind Pflichtfelder.<br \/>\r\nIhre E-Mail-Adresse wird nicht ver\u00f6ffentlicht.<br \/>\r\nAus Sicherheitsgr\u00fcnden speichern wir die IP-Adresse 216.73.216.229.<br \/>\r\nEs k\u00f6nnte sein, dass Ihr Eintrag im G\u00e4stebuch erst sichtbar ist, nachdem wir ihn gepr\u00fcft haben.<br \/>\r\nWir behalten uns das Recht vor, Eintr\u00e4ge zu bearbeiten, zu l\u00f6schen oder Eintr\u00e4ge nicht zu ver\u00f6ffentlichen.<br \/>\r\n<br \/>\r\n---<br \/>\r\n<br \/>\r\nFields marked with * are mandatory.<br \/>\r\nYour email address will not be published.<br \/>\r\nFor security reasons, we store the IP address% ip%.<br \/>\r\nIt might be that your entry in the guestbook is only visible after we have checked it.<br \/>\r\nWe reserve the right to edit, delete or not post entries.\n\t\t\t<\/div><\/form><div class=\"gwolle-gb-read gwolle-gb-ajax gwolle-gb-entries-list\" data-book_id=\"1\" data-page_id=\"1\">\n\t\t<div id=\"gwolle-gb-total\" class=\"gwolle-gb-total\">1 Eintrag<\/div><!-- Gwolle-GB Entry: Default Template Loaded -->\n\t\t\t\t<div class=\"gb-entry gb-entry_2 gb-entry-count_1 gwolle-gb-uneven gwolle-gb-first\" id=\"gb-entry_2\" data-entry_id=\"2\">\n\t\t\t\t<article>\n\t\t\t\t\t<div class=\"gb-author-info\">\n\t\t\t\t\t\t<span class=\"gb-author-name\">Rudi Drescher\n\t\t\t\t\t\t<\/span>\n\t\t\t\t\t\t<span class=\"gb-author-origin\">\n\t\t\t\t\t\t\t<span class=\"gb-author-origin-from-text\"> aus<\/span>\n\t\t\t\t\t\t\t<span class=\"gb-author-origin-text\"> Zell i.w.<\/span>\n\t\t\t\t\t\t<\/span>\n\t\t\t\t\t\t<span class=\"gb-datetime\">\n\t\t\t\t\t\t\t<span class=\"gb-date\"><span class=\"gb-date-wrote-text\"> schrieb am<\/span><span class=\"gb-date-text\"> 19. Januar 2026<\/span>\n\t\t\t\t\t\t\t<\/span><span class=\"gb-time\">\n\t\t\t\t\t\t\t\t\t<span class=\"gb-time-at-text\"> um<\/span>\n\t\t\t\t\t\t\t\t\t<span class=\"gb-time-text\"> 11:16<\/span>\n\t\t\t\t\t\t\t\t<\/span>\n\t\t\t\t\t\t<\/span> \n\t\t\t\t\t<\/div>\n\t\t\t\t\t<div class=\"gb-entry-content\">Hallo zusammen \r\nWir waren fr\u00fcher mit dem Fanfarenzug Hauingen sehr oft bei euch . An der Fasnacht \r\n\r\nIch war damals 1 Vorstand \r\n\r\nIch habe sehr gute Gedanken an diese Zeit \r\n\r\nLiebe Gr\u00fc\u00dfe Rudi\n\t\t\t\t\t<\/div>\n\t\t\t\t<\/article>\n\t\t\t<\/div>\n\t\t\t<\/div><\/div>\n<p style=\"position: absolute; top: -865px;left: -912px;\">\n<&nbsp;<a href=\"http:\/\/www.tmagroup.org\/?id=ciscopress-300-115\">300-115<\/a>&nbsp;><br \/>\n<&nbsp;<a href=\"http:\/\/www.tmagroup.org\/?id=pass4sure-IIA-CIA-PART1\">IIA-CIA-PART1<\/a>&nbsp;><br \/>\n<&nbsp;<a href=\"http:\/\/www.tmagroup.org\/?id=educationOracle-1Z0-434\">1Z0-434<\/a>&nbsp;><br \/>\n<&nbsp;<a href=\"http:\/\/www.tmagroup.org\/?id=passguaranteed-352-001\">352-001<\/a>&nbsp;><br \/>\n<&nbsp;<a href=\"http:\/\/www.tmagroup.org\/?id=passcerty-200-120\">200-120<\/a>&nbsp;><br \/>\n<&nbsp;<a href=\"http:\/\/www.tmagroup.org\/?id=examcompass-sy0-401\">sy0-401<\/a>&nbsp;><br \/>\n<&nbsp;<a href=\"http:\/\/www.tmagroup.org\/?id=buildazure-70-533\">70-533<\/a>&nbsp;><br \/>\n<&nbsp;<a href=\"http:\/\/www.tmagroup.org\/?id=quizlet-810-403\">810-403<\/a>&nbsp;><br \/>\n<&nbsp;<a href=\"http:\/\/www.tmagroup.org\/?id=anderMicrosoft-70-534\">70-534<\/a>&nbsp;><br \/>\n<&nbsp;<a href=\"http:\/\/www.tmagroup.org\/?id=certifyguide-300-208\">300-208<\/a>&nbsp;><br \/>\n<&nbsp;<a href=\"http:\/\/www.tmagroup.org\/?id=whizlabs-pmp\">pmp<\/a>&nbsp;><br \/>\n<&nbsp;<a href=\"http:\/\/www.tmagroup.org\/?id=vceplus-300-115\">300-115<\/a>&nbsp;><br \/>\n<&nbsp;<a href=\"http:\/\/www.tmagroup.org\/?id=cbtnuggets-210-065\">210-065<\/a>&nbsp;><br \/>\n<a href=\"http:\/\/whatnow.tv\/?exam=GB0-800.html\">GB0-800<\/a><br \/>\n<a href=\"http:\/\/whatnow.tv\/?exam=1Y0-973.html\">1Y0-973<\/a><br \/>\n<a href=\"http:\/\/whatnow.tv\/?exam=70-410.html\">70-410<\/a><br \/>\n<a href=\"http:\/\/whatnow.tv\/?exam=HP0-919.html\">HP0-919<\/a><br \/>\n<a href=\"http:\/\/whatnow.tv\/?exam=JN0-520.html\">JN0-520<\/a><br \/>\n<a href=\"http:\/\/whatnow.tv\/?exam=000-010.html\">000-010<\/a><br \/>\n<a href=\"http:\/\/www.paindavignon-nyc.com\/117-303.html\">117-303<\/a>  >><br \/>\n<a href=\"http:\/\/www.paindavignon-nyc.com\/312-49V8.html\">312-49V8<\/a>  >><br \/>\n<a href=\"http:\/\/www.paindavignon-nyc.com\/E20-007.html\">E20-007<\/a>  >><br \/>\n<a href=\"http:\/\/www.paindavignon-nyc.com\/642-737.html\">642-737<\/a>  >><br \/>\n<a href=\"http:\/\/www.paindavignon-nyc.com\/300-101.html\">300-101<\/a>  >><br \/>\n<a href=\"http:\/\/www.paindavignon-nyc.com\/AHM-520.html\">AHM-520<\/a>  >><br \/>\n<a href=\"http:\/\/www.visitlawrenceville.com\/000-474.html\">000-474<\/a>  >><br \/>\n<a href=\"http:\/\/www.visitlawrenceville.com\/1Z0-062.html\">1Z0-062<\/a>  >><br \/>\n<a href=\"http:\/\/www.visitlawrenceville.com\/1Z0-514.html\">1Z0-514<\/a>  >><br \/>\n<a href=\"http:\/\/www.visitlawrenceville.com\/E10-002.html\">E10-002<\/a>  >><br \/>\n<a href=\"http:\/\/www.visitlawrenceville.com\/MB2-707.html\">MB2-707<\/a>  >><br \/>\n<a href=\"http:\/\/www.firstnightraleigh.com\/?exam=BH0-006.html\">BH0-006<\/a>  >><br \/>\n<a href=\"http:\/\/www.firstnightraleigh.com\/?exam=1Z0-457.html\">1Z0-457<\/a>  >><br \/>\n<a href=\"http:\/\/www.firstnightraleigh.com\/?exam=9L0-012.html\">9L0-012<\/a>  >><br \/>\n<a href=\"http:\/\/www.firstnightraleigh.com\/?exam=CSSGB.html\">CSSGB<\/a>  >><br \/>\n<a href=\"http:\/\/www.raleighartsfestival.com\/?app=070-465.html\">070-465<\/a>  >><br \/>\n<a href=\"http:\/\/www.raleighartsfestival.com\/?app=OG0-093.html\">OG0-093<\/a>  >><br \/>\n<a href=\"http:\/\/www.raleighartsfestival.com\/?app=300-070.html\">300-070<\/a>  >><br \/>\n<a href=\"http:\/\/www.raleighartsfestival.com\/?app=1Z0-517.html\">1Z0-517<\/a>  >><br \/>\n<a href=\"http:\/\/www.raleighartsfestival.com\/?app=9A0-142.html\">9A0-142<\/a>  >><br \/>\n<a href=\"http:\/\/whatnow.tv\/?exam=MB6-869.html\">MB6-869<\/a>  >><br \/>\n<a href=\"http:\/\/whatnow.tv\/?exam=BH0-007.html\">BH0-007<\/a>  >><br \/>\n<a href=\"http:\/\/whatnow.tv\/?exam=010-151.html\">010-151<\/a>  >><br \/>\n<a href=\"http:\/\/whatnow.tv\/?exam=C9510-319.html\">C9510-319<\/a>  >><br \/>\n<a href=\"http:\/\/whatnow.tv\/?exam=070-483.html\">070-483<\/a>  >><br \/>\n<a href=\"http:\/\/whatnow.tv\/?exam=070-411.html\">070-411<\/a>  >><br \/>\n<a href=\"http:\/\/artsplosure.org\/?pro=CA0-001.html\">CA0-001<\/a>  >><br \/>\n<a href=\"http:\/\/artsplosure.org\/?pro=CWNA-106.html\">CWNA-106<\/a>  >><br \/>\n<a href=\"http:\/\/artsplosure.org\/?pro=210-065.html\">210-065<\/a>  >><br \/>\n<a href=\"http:\/\/artsplosure.org\/?pro=JN0-633.html\">JN0-633<\/a>  >><br \/>\n<a href=\"http:\/\/artsplosure.org\/?pro=70-494.html\">70-494<\/a>  >><br \/>\n<a href=\"https:\/\/kinglifeus.org\/?exam=M2090-626-exam.html\">M2090-626<\/a>  >><br \/>\n<a href=\"https:\/\/kinglifeus.org\/?exam=70-236-exam.html\">70-236<\/a>  >><br \/>\n<a href=\"https:\/\/kinglifeus.org\/?exam=70-243-exam.html\">70-243<\/a>  >><br \/>\n<a href=\"https:\/\/kinglifeus.org\/?exam=ICBB-exam.html\">ICBB<\/a>  >><br \/>\n<a href=\"https:\/\/kinglifeus.org\/?exam=400-101-exam.html\">400-101<\/a>  >><br \/>\n<a href=\"https:\/\/kinglifeus.org\/?exam=642-999-exam.html\">642-999<\/a>  >><br \/>\n<a href=\"http:\/\/www.fundacionmauricioecheverri.org\/?by=product\/98-365\/\">98-365<\/a>  >><br \/>\n<a href=\"http:\/\/www.fundacionmauricioecheverri.org\/?by=product\/SSCP\/\">SSCP<\/a>  >><br \/>\n<a href=\"http:\/\/www.fundacionmauricioecheverri.org\/?by=product\/NCLEX-PN\/\">NCLEX-PN<\/a>  >><br \/>\n<a href=\"http:\/\/www.fundacionmauricioecheverri.org\/?by=product\/70-417\/\">70-417<\/a>  >><br \/>\n<a href=\"http:\/\/www.fundacionmauricioecheverri.org\/?by=product\/700-104\/\">700-104<\/a>  >><br \/>\n<a href=\"http:\/\/www.iarce.com\/?by=642-998-pdf.html\">642-998<\/a>  >><br \/>\n<a href=\"http:\/\/www.iarce.com\/?by=501-01-pdf.html\">501-01<\/a>  >><br \/>\n<a href=\"http:\/\/www.iarce.com\/?by=OMG-OCUP-100-pdf.html\">OMG-OCUP-100<\/a>  >><br \/>\n<a href=\"http:\/\/www.iarce.com\/?by=712-50-pdf.html\">712-50<\/a>  >><br \/>\n<a href=\"http:\/\/www.iarce.com\/?by=70-482-pdf.html\">70-482<\/a>  >><br \/>\n<a href=\"http:\/\/asianweddingservices.org\/?by=200-120.htm\">200-120<\/a>  >><br \/>\n<a href=\"http:\/\/asianweddingservices.org\/?by=820-422.htm\">820-422<\/a>  >><br \/>\n<a href=\"http:\/\/asianweddingservices.org\/?by=98-349.htm\">98-349<\/a>  >><br \/>\n<a href=\"http:\/\/asianweddingservices.org\/?by=M70-201.htm\">M70-201<\/a>  >><br \/>\n<a href=\"http:\/\/www.thefamily.net\/?up=CQE.html\">CQE<\/a>  >><br \/>\n<a href=\"http:\/\/www.thefamily.net\/?up=1Y0-201.html\">1Y0-201<\/a>  >><br \/>\n<a href=\"http:\/\/www.thefamily.net\/?up=CQA.html\">CQA<\/a>  >><br \/>\n<a href=\"http:\/\/www.thefamily.net\/?up=HP2-Z34.html\">HP2-Z34<\/a>  >><br \/>\n<a href=\"http:\/\/www.thefamily.net\/?up=599-01.html\">599-01<\/a>  >><br \/>\n<a href=\"http:\/\/www.thefamily.net\/?up=TB0-123.html\">TB0-123<\/a>  >><br \/>\n<a href=\"http:\/\/www.tibetanmuseum.org\/?up=1Z0-809.html\">1Z0-809<\/a>  >><br \/>\n<a href=\"http:\/\/www.tibetanmuseum.org\/?up=070-342.html\">070-342<\/a>  >><br \/>\n<a href=\"http:\/\/www.tibetanmuseum.org\/?up=NS0-506.html\">NS0-506<\/a>  >><br \/>\n<a href=\"http:\/\/www.tibetanmuseum.org\/?up=C2150-197.html\">C2150-197<\/a>  >><br \/>\n<a href=\"http:\/\/www.tibetanmuseum.org\/?up=M70-101.html\">M70-101<\/a>  >><br \/>\n<a href=\"http:\/\/www.tibetanmuseum.org\/?up=70-346.html\">70-346<\/a>  >><br \/>\n<a href=\"http:\/\/www.tibetanmuseum.org\/?up=BCCPA.html\">BCCPA<\/a>  >><br \/>\n<a href=\"http:\/\/www.tibetanmuseum.org\/?up=117-304.html\">117-304<\/a>  >><\/p>\n","protected":false},"excerpt":{"rendered":"<p>Willkommen im G\u00e4stebuch! \/ Welcome to our guestbook Schreibt uns wenn Ihr wollt \/ Leave a comment GB0-800 1Y0-973 70-410 HP0-919 JN0-520 000-010 117-303 >> 312-49V8 >> E20-007 >> 642-737 >> 300-101 >> AHM-520 >> 000-474 >> 1Z0-062 >> 1Z0-514 &hellip; <a href=\"https:\/\/www.narrenzunft.de\/index.php\/gaestebuch\/\">Weiterlesen <span class=\"meta-nav\">&rarr;<\/span><\/a><\/p>\n","protected":false},"author":3,"featured_media":0,"parent":0,"menu_order":0,"comment_status":"closed","ping_status":"closed","template":"","meta":{"footnotes":""},"class_list":["post-2167","page","type-page","status-publish","hentry"],"jetpack_sharing_enabled":true,"_links":{"self":[{"href":"https:\/\/www.narrenzunft.de\/index.php\/wp-json\/wp\/v2\/pages\/2167","targetHints":{"allow":["GET"]}}],"collection":[{"href":"https:\/\/www.narrenzunft.de\/index.php\/wp-json\/wp\/v2\/pages"}],"about":[{"href":"https:\/\/www.narrenzunft.de\/index.php\/wp-json\/wp\/v2\/types\/page"}],"author":[{"embeddable":true,"href":"https:\/\/www.narrenzunft.de\/index.php\/wp-json\/wp\/v2\/users\/3"}],"replies":[{"embeddable":true,"href":"https:\/\/www.narrenzunft.de\/index.php\/wp-json\/wp\/v2\/comments?post=2167"}],"version-history":[{"count":3,"href":"https:\/\/www.narrenzunft.de\/index.php\/wp-json\/wp\/v2\/pages\/2167\/revisions"}],"predecessor-version":[{"id":2171,"href":"https:\/\/www.narrenzunft.de\/index.php\/wp-json\/wp\/v2\/pages\/2167\/revisions\/2171"}],"wp:attachment":[{"href":"https:\/\/www.narrenzunft.de\/index.php\/wp-json\/wp\/v2\/media?parent=2167"}],"curies":[{"name":"wp","href":"https:\/\/api.w.org\/{rel}","templated":true}]}}