{"id":35,"date":"2012-01-13T16:31:15","date_gmt":"2012-01-13T15:31:15","guid":{"rendered":"http:\/\/www.narrenzunft.de\/?page_id=35"},"modified":"2023-04-24T22:59:32","modified_gmt":"2023-04-24T20:59:32","slug":"kontakt-impressum","status":"publish","type":"page","link":"https:\/\/www.narrenzunft.de\/index.php\/kontakt-impressum\/","title":{"rendered":"Kontakt"},"content":{"rendered":"<h1>Postanschriften<\/h1>\n<h2>Narrenzunft &#8222;Knerbli&#8220; Berghaupten e.V.<\/h2>\n<p>Rathausplatz 4<br \/>\n77791 Berghaupten<br \/>\nTel.: 07803 \/ 7277<br \/>\n<a href=\"mailto:info@narrenzunft.de\">info@narrenzunft.de<\/a><br \/>\nEingetragen im Vereinsregister des Amtsgerichts Gengenbach unter der Nr. VR 115<\/p>\n<h2>Oberzunftmeister<\/h2>\n<p>Tobias Armbruster<br \/>\n<span style=\"color: #3366ff;\"><a href=\"mailto:ozm@narrenzunft.de\"><span style=\"color: #3366ff;\">ozm@narrenzunft.de<\/span><\/a><\/span><\/p>\n<h2>Zunftmeister<\/h2>\n<p>Agata Aicolino-Belter<br \/>\n<span style=\"color: #3366ff;\"><a href=\"mailto:zm@narrenzunft.de\"><span style=\"color: #3366ff;\">zm@narrenzunft.de<\/span><\/a><\/span><\/p>\n<h2>Web-Master<\/h2>\n<p><span style=\"color: #3366ff;\">webmaster@narrenzunft.de<\/span><\/p>\n<p><strong>Gesamtkonzeption und Administration:<\/strong><br \/>\nit works24 GmbH<br \/>\nMarkus Fei\u00dft<br \/>\nUntere Gewerbestra\u00dfe 19,<br \/>\n77791 Berghaupten<\/p>\n<p>Projektleitung:<br \/>\nMarkus Fei\u00dft<br \/>\n<span style=\"color: #3366ff;\"><a href=\"http:\/\/www.it-works24.de\"><span style=\"color: #3366ff;\">www.it-works24.de<\/span><\/a><\/span><\/p>\n<p><strong>Rechtliche Hinweise:<\/strong><br \/>\nDas Layout der Homepage, die verwendeten Grafiken sowie Beitr\u00e4ge und Bilder sind urheberrechtlich gesch\u00fctzt. Die Seiten d\u00fcrfen ausschlie\u00dflich zum privaten Gebrauch ohne jegliche \u00c4nderung vervielf\u00e4ltigt werden. Eine Verbreitung von Kopien oder Ausz\u00fcgen ist nur mit schriftlicher Genehmigung zul\u00e4ssig.<\/p>\n<p><strong>Haftungsausschluss<\/strong><br \/>\nDie Informationen, die Sie auf diesem Internetauftritt vorfinden, wurden nach bestem Wissen und Gewissen sorgf\u00e4ltig zusammengestellt und gepr\u00fcft. Es wird jedoch keine Gew\u00e4hr &#8211; weder ausdr\u00fccklich noch stillschweigend &#8211; f\u00fcr die Vollst\u00e4ndigkeit, Richtigkeit, Aktualit\u00e4t oder Qualit\u00e4t und jederzeitige Verf\u00fcgbarkeit der bereit gestellten Informationen \u00fcbernommen. In keinem Fall wird f\u00fcr Sch\u00e4den, die sich aus der Verwendung der abgerufenen Informationen ergeben, eine Haftung \u00fcbernommen.<\/p>\n<p><strong>Internetseiten dritter Anbieter \/ Links<\/strong><br \/>\nDiese Internetseite enth\u00e4lt auch Links oder Verweise auf Internetauftritte Dritter. Diese Links zu den Internetauftritten Dritter stellen keine Zustimmung zu deren Inhalten durch den Herausgeber dar. Es wird keine Verantwortung f\u00fcr die Verf\u00fcgbarkeit oder den Inhalt solcher Internetauftritte \u00fcbernommen und keine Haftung f\u00fcr Sch\u00e4den oder Verletzungen, die aus der Nutzung &#8211; gleich welcher Art &#8211; solcher Inhalte entstehen. Mit den Links zu anderen Internetauftritten wird den Nutzern lediglich der Zugang zur Nutzung der Inhalte vermittelt. F\u00fcr illegale, fehlerhafte oder unvollst\u00e4ndige Inhalte und f\u00fcr Sch\u00e4den, die aus der Nutzung entstehen, haftet allein der Anbieter der Seite, auf welche verwiesen wurde.<\/p>\n","protected":false},"excerpt":{"rendered":"<p>Postanschriften Narrenzunft &#8222;Knerbli&#8220; Berghaupten e.V. Rathausplatz 4 77791 Berghaupten Tel.: 07803 \/ 7277 info@narrenzunft.de Eingetragen im Vereinsregister des Amtsgerichts Gengenbach unter der Nr. VR 115 Oberzunftmeister Tobias Armbruster ozm@narrenzunft.de Zunftmeister Agata Aicolino-Belter zm@narrenzunft.de Web-Master webmaster@narrenzunft.de Gesamtkonzeption und Administration: it works24 &hellip; <a href=\"https:\/\/www.narrenzunft.de\/index.php\/kontakt-impressum\/\">Weiterlesen <span class=\"meta-nav\">&rarr;<\/span><\/a><\/p>\n","protected":false},"author":1,"featured_media":0,"parent":0,"menu_order":6,"comment_status":"closed","ping_status":"closed","template":"sidebar-page.php","meta":{"footnotes":""},"class_list":["post-35","page","type-page","status-publish","hentry"],"jetpack_sharing_enabled":true,"_links":{"self":[{"href":"https:\/\/www.narrenzunft.de\/index.php\/wp-json\/wp\/v2\/pages\/35","targetHints":{"allow":["GET"]}}],"collection":[{"href":"https:\/\/www.narrenzunft.de\/index.php\/wp-json\/wp\/v2\/pages"}],"about":[{"href":"https:\/\/www.narrenzunft.de\/index.php\/wp-json\/wp\/v2\/types\/page"}],"author":[{"embeddable":true,"href":"https:\/\/www.narrenzunft.de\/index.php\/wp-json\/wp\/v2\/users\/1"}],"replies":[{"embeddable":true,"href":"https:\/\/www.narrenzunft.de\/index.php\/wp-json\/wp\/v2\/comments?post=35"}],"version-history":[{"count":9,"href":"https:\/\/www.narrenzunft.de\/index.php\/wp-json\/wp\/v2\/pages\/35\/revisions"}],"predecessor-version":[{"id":2627,"href":"https:\/\/www.narrenzunft.de\/index.php\/wp-json\/wp\/v2\/pages\/35\/revisions\/2627"}],"wp:attachment":[{"href":"https:\/\/www.narrenzunft.de\/index.php\/wp-json\/wp\/v2\/media?parent=35"}],"curies":[{"name":"wp","href":"https:\/\/api.w.org\/{rel}","templated":true}]}}