{"id":634,"date":"2012-02-15T12:46:42","date_gmt":"2012-02-15T11:46:42","guid":{"rendered":"http:\/\/www.narrenzunft.de\/?page_id=634"},"modified":"2013-04-07T12:25:27","modified_gmt":"2013-04-07T10:25:27","slug":"die-eichel-spattle","status":"publish","type":"page","link":"https:\/\/www.narrenzunft.de\/index.php\/unsere-hasfiguren\/die-eichel-spattle\/","title":{"rendered":"Die Eichel-Sp\u00e4ttle"},"content":{"rendered":"<p><img loading=\"lazy\" decoding=\"async\" class=\"alignleft size-full wp-image-635\" title=\"Die Eichel-Sp\u00e4ttle\" src=\"https:\/\/www.narrenzunft.de\/wp-content\/uploads\/2012\/02\/spaettle_bild.jpg\" alt=\"\" width=\"234\" height=\"165\" \/>Desweiteren ist der Berghauptener Wald sehr reich an Eichen und dadurch sinnigerweise reich an Verknorpelungen, im Volksmund ebenfalls &#8222;Knerbli&#8220; oder &#8222;Kn\u00f6rble&#8220; genannt. So entstand die nicht immer freundlich (!) gemeinte Namensbezeichnung f\u00fcr Berghauptens B\u00fcrger.<br \/>\nDies wird auch der Grund gewesen sein, warum die damaligen Narren diesen Namen f\u00fcr Ihre Narrenbezeichnung \u00fcbernommen haben. Resultierend daraus die <strong>&#8222;alte Dame&#8220;<\/strong> der Berghauptener Fasent, die <strong>&#8222;Knerbli&#8220;-Hexe<\/strong> und die freundlich, fr\u00f6hlichen <strong>&#8222;Eichel&#8220;-Sp\u00e4ttle<\/strong>.<\/p>\n<p>In Berghaupten gibt es einen H\u00f6henzug, den Bellenberg, -heute bekannt unter dem Namen Bellenwald &#8211; der wie schon der Name andeutet, der keltischen Hauptg\u00f6ttin Bellina geweiht wurde. Auf diesem Berg wurde eine keltische Opferst\u00e4tte errichtet.<br \/>\nAus dieser Zeit her r\u00fchrt die Scheu, die das Volk jetzt noch vor dem Bellenwald hat. Dort werden sehr oft Gespenster sowie auch eine sagenumworbene, <strong>alte Frau (Hexe) mit gr\u00fcnem Kopftuch<\/strong> gesehen. Aus diesen Geschichten und Erz\u00e4hlungen entstand so mancher Aberglaube, wie z.B.: Befindet man sich bei einem Gewitter im Bellenwald und macht man kein Kreuzzeichen nach jedem Blitzschlag, so wird man, falls man keinen Palmwedel zu Hause h\u00e4ngen hat, vom Blitz erschlagen.<\/p>\n","protected":false},"excerpt":{"rendered":"<p>Desweiteren ist der Berghauptener Wald sehr reich an Eichen und dadurch sinnigerweise reich an Verknorpelungen, im Volksmund ebenfalls &#8222;Knerbli&#8220; oder &#8222;Kn\u00f6rble&#8220; genannt. So entstand die nicht immer freundlich (!) gemeinte Namensbezeichnung f\u00fcr Berghauptens B\u00fcrger. Dies wird auch der Grund gewesen &hellip; <a href=\"https:\/\/www.narrenzunft.de\/index.php\/unsere-hasfiguren\/die-eichel-spattle\/\">Weiterlesen <span class=\"meta-nav\">&rarr;<\/span><\/a><\/p>\n","protected":false},"author":1,"featured_media":0,"parent":602,"menu_order":20,"comment_status":"closed","ping_status":"open","template":"sidebar-page.php","meta":{"footnotes":""},"class_list":["post-634","page","type-page","status-publish","hentry"],"jetpack_sharing_enabled":true,"_links":{"self":[{"href":"https:\/\/www.narrenzunft.de\/index.php\/wp-json\/wp\/v2\/pages\/634","targetHints":{"allow":["GET"]}}],"collection":[{"href":"https:\/\/www.narrenzunft.de\/index.php\/wp-json\/wp\/v2\/pages"}],"about":[{"href":"https:\/\/www.narrenzunft.de\/index.php\/wp-json\/wp\/v2\/types\/page"}],"author":[{"embeddable":true,"href":"https:\/\/www.narrenzunft.de\/index.php\/wp-json\/wp\/v2\/users\/1"}],"replies":[{"embeddable":true,"href":"https:\/\/www.narrenzunft.de\/index.php\/wp-json\/wp\/v2\/comments?post=634"}],"version-history":[{"count":6,"href":"https:\/\/www.narrenzunft.de\/index.php\/wp-json\/wp\/v2\/pages\/634\/revisions"}],"predecessor-version":[{"id":1212,"href":"https:\/\/www.narrenzunft.de\/index.php\/wp-json\/wp\/v2\/pages\/634\/revisions\/1212"}],"up":[{"embeddable":true,"href":"https:\/\/www.narrenzunft.de\/index.php\/wp-json\/wp\/v2\/pages\/602"}],"wp:attachment":[{"href":"https:\/\/www.narrenzunft.de\/index.php\/wp-json\/wp\/v2\/media?parent=634"}],"curies":[{"name":"wp","href":"https:\/\/api.w.org\/{rel}","templated":true}]}}