{"id":652,"date":"2012-02-15T12:50:51","date_gmt":"2012-02-15T11:50:51","guid":{"rendered":"http:\/\/www.narrenzunft.de\/?page_id=652"},"modified":"2013-04-07T12:29:23","modified_gmt":"2013-04-07T10:29:23","slug":"der-burgvogt","status":"publish","type":"page","link":"https:\/\/www.narrenzunft.de\/index.php\/unsere-hasfiguren\/der-burgvogt\/","title":{"rendered":"Der Burgvogt"},"content":{"rendered":"<p>Die letzte Berghauptener Tradtionsfigur ist der Burgvogt, Verwalter und Aus\u00fcber des Markt- und Schankrechts in der Freien Knerbliburg zu Berghaupten.<br \/>\nEr \u00fcbt j\u00e4hrlich an dem gro\u00dfen n\u00e4rrischen Dorfhock am Fasentsonntag und Fasentdienstag den Vorsitz \u00fcber die Berghauptener Narrengemeinschaft aus, dem neun \u00f6rtliche Vereine, im Rahmen eines seit 1994 geschlossenen Freundschaftsvertrages, angeschlossen sind.<\/p>\n<p>Geschichtlich entspricht der &#8222;Burgvogt&#8220; und die &#8222;Freie Knerbliburg&#8220; mehreren Berghauptener schriftlich festgelegten Begebenheiten und \u00dcberlieferungen. Da gab es den Obervogt Stufer (Quelle: Ein Flu\u00df erz\u00e4hlt Geschichten\/Grimmelshausen Verlag), in seiner Zeit einer der gef\u00fcrchtetsten V\u00f6gte.Wegen seiner Ungerechtigkeit mu\u00dfte er nach seinem Ableben umgehen (was heute soviel hei\u00dft wie spuken). Im 19. Jahrhundert erschien er letztmalig Fuhrleuten im Berghauptener Gemeinde-wald, die aus dem Berghauptener Kohleberg-werk Kohle nach Lahr bef\u00f6rderten.<br \/>\nDie &#8222;Burg&#8220; selbst soll im heutigen Gewann Burgstall gestanden haben. In der Zeit des 30-j\u00e4hrigen Krieges residierte dort Ritter Roland von Berghaupten (Quelle: Ein Flu\u00df erz\u00e4hlt Geschichten\/Grimmelshausen Verlag), im Volksmund der &#8222;Ungl\u00fcckliche Ritter&#8220; genannt. Schwedische Soldaten trieben seine Verlobte Edeltraud, die Tochter des Ritters Edelbert von Thiersberg, dem heutigen Diersburg, in den Tod. Aus lauter Seelenschmerz gab er seine Besitzt\u00fcmer an seinen Bruder, den Ritter Rudolf weiter und wurde Abt in einem Kloster.<br \/>\nAbschlie\u00dfend f\u00e4llt uns auf unsere heimatliche und regionale Fasent noch ein sinniger alter Narrenspruch ein:<br \/>\n<strong>&#8222;Wenn einer an de Stro\u00df stoht un brielt, wenn d`Narre de Narrebaum verbrenne, donn het er d`Fasent begriffe&#8220;<\/strong>.<\/p>\n","protected":false},"excerpt":{"rendered":"<p>Die letzte Berghauptener Tradtionsfigur ist der Burgvogt, Verwalter und Aus\u00fcber des Markt- und Schankrechts in der Freien Knerbliburg zu Berghaupten. Er \u00fcbt j\u00e4hrlich an dem gro\u00dfen n\u00e4rrischen Dorfhock am Fasentsonntag und Fasentdienstag den Vorsitz \u00fcber die Berghauptener Narrengemeinschaft aus, dem &hellip; <a href=\"https:\/\/www.narrenzunft.de\/index.php\/unsere-hasfiguren\/der-burgvogt\/\">Weiterlesen <span class=\"meta-nav\">&rarr;<\/span><\/a><\/p>\n","protected":false},"author":1,"featured_media":0,"parent":602,"menu_order":60,"comment_status":"closed","ping_status":"open","template":"sidebar-page.php","meta":{"footnotes":""},"class_list":["post-652","page","type-page","status-publish","hentry"],"jetpack_sharing_enabled":true,"_links":{"self":[{"href":"https:\/\/www.narrenzunft.de\/index.php\/wp-json\/wp\/v2\/pages\/652","targetHints":{"allow":["GET"]}}],"collection":[{"href":"https:\/\/www.narrenzunft.de\/index.php\/wp-json\/wp\/v2\/pages"}],"about":[{"href":"https:\/\/www.narrenzunft.de\/index.php\/wp-json\/wp\/v2\/types\/page"}],"author":[{"embeddable":true,"href":"https:\/\/www.narrenzunft.de\/index.php\/wp-json\/wp\/v2\/users\/1"}],"replies":[{"embeddable":true,"href":"https:\/\/www.narrenzunft.de\/index.php\/wp-json\/wp\/v2\/comments?post=652"}],"version-history":[{"count":3,"href":"https:\/\/www.narrenzunft.de\/index.php\/wp-json\/wp\/v2\/pages\/652\/revisions"}],"predecessor-version":[{"id":1221,"href":"https:\/\/www.narrenzunft.de\/index.php\/wp-json\/wp\/v2\/pages\/652\/revisions\/1221"}],"up":[{"embeddable":true,"href":"https:\/\/www.narrenzunft.de\/index.php\/wp-json\/wp\/v2\/pages\/602"}],"wp:attachment":[{"href":"https:\/\/www.narrenzunft.de\/index.php\/wp-json\/wp\/v2\/media?parent=652"}],"curies":[{"name":"wp","href":"https:\/\/api.w.org\/{rel}","templated":true}]}}